{"id":2607,"date":"2022-02-21T20:24:43","date_gmt":"2022-02-22T01:24:43","guid":{"rendered":"https:\/\/vscat.visualstress.app\/support-2\/"},"modified":"2023-01-28T22:22:45","modified_gmt":"2023-01-29T03:22:45","slug":"system-requirements","status":"publish","type":"page","link":"https:\/\/vscat.visualstress.app\/fr\/system-requirements\/","title":{"rendered":"Configuration requise"},"content":{"rendered":"<h2 class=\"has-black-color has-text-color wp-block-heading\" style=\"font-size:16px\">VSCAT System Requirements \u2022&nbsp;2 minutes to read<br>Date de la derni\u00e8re mise \u00e0 jour : 20 janvier 2023<\/h2>\n\n\n\n<h4 class=\"has-black-color has-text-color wp-block-heading\">Navigateurs support\u00e9s<\/h4>\n\n\n\n<p class=\"has-black-color has-text-color\">La plateforme VSCAT (Visual Stress and Colorimetry Assessment Tool) et les applications destin\u00e9es aux utilisateurs finaux sont compatibles avec les versions actuelles des navigateurs suivants sur les syst\u00e8mes d'exploitation Windows, Mac OS, iOS et Android :<\/p>\n\n\n\n<ul class=\"wp-block-list\">\n<li>Google Chrome<\/li>\n\n\n\n<li>Apple Safari<\/li>\n\n\n\n<li>Mozilla Firefox<\/li>\n\n\n\n<li>Microsoft Edge<\/li>\n<\/ul>\n\n\n\n<h4 class=\"has-black-color has-text-color wp-block-heading\">JavaScript<\/h4>\n\n\n\n<p class=\"has-black-color has-text-color\">Le VSCAT n\u00e9cessite l'utilisation de JavaScript. Certains pare-feu et environnements hautement s\u00e9curis\u00e9s d\u00e9sactivent JavaScript.<\/p>\n\n\n\n<h4 class=\"has-black-color has-text-color wp-block-heading\">Les cookies de session<\/h4>\n\n\n\n<p class=\"has-black-color has-text-color has-background\" style=\"background-color:#ceeefa\">Les pages de donn\u00e9es authentifi\u00e9es par le VSCAT n\u00e9cessitent l'activation de cookies tiers. Si vous utilisez un navigateur dans lequel les cookies tiers sont d\u00e9sactiv\u00e9s ou la pr\u00e9vention du suivi intersite est activ\u00e9e, vous ne pourrez pas vous connecter aux applications VSCAT ou vous aurez peut-\u00eatre des difficult\u00e9s \u00e0 filtrer les donn\u00e9es dans les rapports. Dans ce cas, un message syst\u00e8me par d\u00e9faut s'affichera pour vous informer du probl\u00e8me.<\/p>\n\n\n\n<h4 class=\"has-black-color has-text-color wp-block-heading\">Comment activer les cookies dans votre navigateur<\/h4>\n\n\n\n<p class=\"has-black-color has-text-color\">La section suivante pr\u00e9sente les \u00e9tapes \u00e0 suivre pour activer les cookies et le suivi intersite dans diff\u00e9rents navigateurs :<\/p>\n\n\n\n<ul class=\"wp-block-list\">\n<li>Google Chrome<\/li>\n\n\n\n<li>Safari sur Mac OS<\/li>\n\n\n\n<li>Safari sur iOS (iPhone et iPad)<\/li>\n\n\n\n<li>Mozilla Firefox<\/li>\n\n\n\n<li>Microsoft Edge<\/li>\n<\/ul>\n\n\n\n<h5 class=\"has-black-color has-text-color wp-block-heading\"><a><\/a>GOOGLE CHROME<\/h5>\n\n\n\n<ol class=\"wp-block-list\">\n<li>Aller \u00e0&nbsp;<strong>Personnaliser et contr\u00f4ler Google Chrome<\/strong>&nbsp;dans le coin sup\u00e9rieur droit et cliquez sur&nbsp;<strong>Settings<\/strong>.<\/li>\n\n\n\n<li>Aller \u00e0&nbsp;<strong>Privacy and security<\/strong>.<\/li>\n\n\n\n<li>Click&nbsp;<strong>Cookies and other site data<\/strong>. Select the&nbsp;<strong>Allow all cookies<\/strong>&nbsp;radio button<\/li>\n<\/ol>\n\n\n\n<h5 class=\"has-black-color has-text-color wp-block-heading\"><strong><a><\/a>SAFARI ON MAC OS<\/strong><\/h5>\n\n\n\n<ol class=\"wp-block-list\">\n<li>Aller \u00e0&nbsp;<strong>Safari -&gt;<\/strong><strong>&nbsp;Preferences<\/strong>&nbsp;and click&nbsp;<strong>Privacy<\/strong>.<\/li>\n\n\n\n<li>Uncheck the following options:\n<ul class=\"wp-block-list\">\n<li><strong>Prevent cross-site tracking<\/strong><\/li>\n\n\n\n<li><strong>Block all cookies<\/strong><\/li>\n<\/ul>\n<\/li>\n<\/ol>\n\n\n\n<h5 class=\"has-black-color has-text-color wp-block-heading\"><a><\/a>SAFARI ON IOS (IPHONE AND IPAD)<\/h5>\n\n\n\n<ol class=\"wp-block-list\">\n<li>Aller \u00e0&nbsp;<strong>Settings&nbsp;<\/strong>-&gt;<strong>&nbsp;Safari<\/strong>.<\/li>\n\n\n\n<li>Under&nbsp;<strong>Privacy and Security<\/strong>, turn off the following options:\n<ul class=\"wp-block-list\">\n<li><strong>Prevent Cross-Site Tracking<\/strong><\/li>\n\n\n\n<li><strong>Block All Cookies<\/strong><\/li>\n<\/ul>\n<\/li>\n<\/ol>\n\n\n\n<h5 class=\"has-black-color has-text-color wp-block-heading\"><a><\/a>MOZILLA FIREFOX<\/h5>\n\n\n\n<ol class=\"wp-block-list\">\n<li>Aller \u00e0<strong>&nbsp;<\/strong><strong>Application Menu<\/strong>&nbsp;dans le coin sup\u00e9rieur droit et cliquez sur&nbsp;<strong>Settings<\/strong>.<\/li>\n\n\n\n<li>From the left menu, click&nbsp;<strong>Privacy &amp; Security<\/strong>.<\/li>\n\n\n\n<li>Select the&nbsp;<strong>Standard<\/strong>&nbsp;or&nbsp;<strong>Custom<\/strong>&nbsp;option. In the case of&nbsp;<strong>Custom<\/strong>&nbsp;option, select&nbsp;<strong>Cross-site tracking cookies &#8211; includes social media cookies&nbsp;<\/strong>as a preference for&nbsp;<strong>Cookies<\/strong>.<\/li>\n<\/ol>\n\n\n\n<h5 class=\"has-black-color has-text-color wp-block-heading\"><a><\/a>MICROSOFT EDGE<\/h5>\n\n\n\n<ol class=\"wp-block-list\">\n<li>Aller \u00e0&nbsp;<strong>Settings and more<\/strong>&nbsp;dans le coin sup\u00e9rieur droit et cliquez sur&nbsp;<strong>Settings<\/strong>.<\/li>\n\n\n\n<li>Click&nbsp;<strong>Site permissions<\/strong>&nbsp;-&gt;&nbsp;<strong>Cookies and site data.<\/strong>&nbsp;Set the following options:\n<ul class=\"wp-block-list\">\n<li>Enable&nbsp;<strong>Allow sites to save and read cookie data (recommended)<\/strong>.<\/li>\n\n\n\n<li>Disable&nbsp;<strong>Block third-party cookies.<\/strong><\/li>\n<\/ul>\n<\/li>\n<\/ol>","protected":false},"excerpt":{"rendered":"<p>VSCAT System Requirements \u2022&nbsp;2 minutes to readLast update: January 20, 2023 Supported Browsers The Visual Stress and Colorimetry Assessment Tool (VSCAT) platform and end-user applications support current versions of the following browsers on Windows, Mac OS, iOS and Android operating systems: JavaScript The VSCAT requires the use of JavaScript. Some firewalls and high-security environments disable [&hellip;]<\/p>\n","protected":false},"author":1,"featured_media":0,"parent":0,"menu_order":0,"comment_status":"closed","ping_status":"closed","template":"","meta":{"ocean_post_layout":"","ocean_both_sidebars_style":"","ocean_both_sidebars_content_width":0,"ocean_both_sidebars_sidebars_width":0,"ocean_sidebar":"0","ocean_second_sidebar":"0","ocean_disable_margins":"enable","ocean_add_body_class":"","ocean_shortcode_before_top_bar":"","ocean_shortcode_after_top_bar":"","ocean_shortcode_before_header":"","ocean_shortcode_after_header":"","ocean_has_shortcode":"","ocean_shortcode_after_title":"","ocean_shortcode_before_footer_widgets":"","ocean_shortcode_after_footer_widgets":"","ocean_shortcode_before_footer_bottom":"","ocean_shortcode_after_footer_bottom":"","ocean_display_top_bar":"default","ocean_display_header":"default","ocean_header_style":"","ocean_center_header_left_menu":"0","ocean_custom_header_template":"0","ocean_custom_logo":0,"ocean_custom_retina_logo":0,"ocean_custom_logo_max_width":0,"ocean_custom_logo_tablet_max_width":0,"ocean_custom_logo_mobile_max_width":0,"ocean_custom_logo_max_height":0,"ocean_custom_logo_tablet_max_height":0,"ocean_custom_logo_mobile_max_height":0,"ocean_header_custom_menu":"0","ocean_menu_typo_font_family":"0","ocean_menu_typo_font_subset":"","ocean_menu_typo_font_size":0,"ocean_menu_typo_font_size_tablet":0,"ocean_menu_typo_font_size_mobile":0,"ocean_menu_typo_font_size_unit":"px","ocean_menu_typo_font_weight":"","ocean_menu_typo_font_weight_tablet":"","ocean_menu_typo_font_weight_mobile":"","ocean_menu_typo_transform":"","ocean_menu_typo_transform_tablet":"","ocean_menu_typo_transform_mobile":"","ocean_menu_typo_line_height":0,"ocean_menu_typo_line_height_tablet":0,"ocean_menu_typo_line_height_mobile":0,"ocean_menu_typo_line_height_unit":"","ocean_menu_typo_spacing":0,"ocean_menu_typo_spacing_tablet":0,"ocean_menu_typo_spacing_mobile":0,"ocean_menu_typo_spacing_unit":"","ocean_menu_link_color":"","ocean_menu_link_color_hover":"","ocean_menu_link_color_active":"","ocean_menu_link_background":"","ocean_menu_link_hover_background":"","ocean_menu_link_active_background":"","ocean_menu_social_links_bg":"","ocean_menu_social_hover_links_bg":"","ocean_menu_social_links_color":"","ocean_menu_social_hover_links_color":"","ocean_disable_title":"default","ocean_disable_heading":"default","ocean_post_title":"System requirements","ocean_post_subheading":"","ocean_post_title_style":"","ocean_post_title_background_color":"","ocean_post_title_background":0,"ocean_post_title_bg_image_position":"","ocean_post_title_bg_image_attachment":"","ocean_post_title_bg_image_repeat":"","ocean_post_title_bg_image_size":"","ocean_post_title_height":0,"ocean_post_title_bg_overlay":0.5,"ocean_post_title_bg_overlay_color":"","ocean_disable_breadcrumbs":"default","ocean_breadcrumbs_color":"","ocean_breadcrumbs_separator_color":"","ocean_breadcrumbs_links_color":"","ocean_breadcrumbs_links_hover_color":"","ocean_display_footer_widgets":"default","ocean_display_footer_bottom":"default","ocean_custom_footer_template":"0","footnotes":""},"folder":[15],"class_list":["post-2607","page","type-page","status-publish","hentry","entry"],"_links":{"self":[{"href":"https:\/\/vscat.visualstress.app\/fr\/wp-json\/wp\/v2\/pages\/2607","targetHints":{"allow":["GET"]}}],"collection":[{"href":"https:\/\/vscat.visualstress.app\/fr\/wp-json\/wp\/v2\/pages"}],"about":[{"href":"https:\/\/vscat.visualstress.app\/fr\/wp-json\/wp\/v2\/types\/page"}],"author":[{"embeddable":true,"href":"https:\/\/vscat.visualstress.app\/fr\/wp-json\/wp\/v2\/users\/1"}],"replies":[{"embeddable":true,"href":"https:\/\/vscat.visualstress.app\/fr\/wp-json\/wp\/v2\/comments?post=2607"}],"version-history":[{"count":0,"href":"https:\/\/vscat.visualstress.app\/fr\/wp-json\/wp\/v2\/pages\/2607\/revisions"}],"wp:attachment":[{"href":"https:\/\/vscat.visualstress.app\/fr\/wp-json\/wp\/v2\/media?parent=2607"}],"wp:term":[{"taxonomy":"folder","embeddable":true,"href":"https:\/\/vscat.visualstress.app\/fr\/wp-json\/wp\/v2\/folder?post=2607"}],"curies":[{"name":"wp","href":"https:\/\/api.w.org\/{rel}","templated":true}]}}